{"id":717,"date":"2020-12-13T11:59:28","date_gmt":"2020-12-13T11:59:28","guid":{"rendered":"https:\/\/dev.nextep.es\/que-es-pefc\/pefc-catalunya\/"},"modified":"2023-10-09T16:07:10","modified_gmt":"2023-10-09T14:07:10","slug":"pefc-catalunya","status":"publish","type":"page","link":"https:\/\/www.pefc.cat\/es\/que-es-pefc\/pefc-catalunya\/","title":{"rendered":"PEFC Catalunya"},"content":{"rendered":"","protected":false},"excerpt":{"rendered":"","protected":false},"author":1,"featured_media":850,"parent":664,"menu_order":0,"comment_status":"closed","ping_status":"open","template":"","meta":{"footnotes":""},"class_list":["post-717","page","type-page","status-publish","has-post-thumbnail","hentry"],"yoast_head":"<!-- This site is optimized with the Yoast SEO plugin v27.3 - https:\/\/yoast.com\/product\/yoast-seo-wordpress\/ -->\n<title>PEFC Catalunya - PEFC Catalunya<\/title>\n<meta name=\"description\" content=\"PEFC Catalunya est\u00e1 integrada por propietarios forestales, industrias de transformaci\u00f3n de la madera, entidades conservacionistas, y m\u00e1s.\" \/>\n<meta name=\"robots\" content=\"index, follow, max-snippet:-1, max-image-preview:large, max-video-preview:-1\" \/>\n<link rel=\"canonical\" href=\"https:\/\/www.pefc.cat\/es\/que-es-pefc\/pefc-catalunya\/\" \/>\n<meta property=\"og:locale\" content=\"es_ES\" \/>\n<meta property=\"og:type\" content=\"article\" \/>\n<meta property=\"og:title\" content=\"PEFC Catalunya - PEFC Catalunya\" \/>\n<meta property=\"og:description\" content=\"PEFC Catalunya est\u00e1 integrada por propietarios forestales, industrias de transformaci\u00f3n de la madera, entidades conservacionistas, y m\u00e1s.\" \/>\n<meta property=\"og:url\" content=\"https:\/\/www.pefc.cat\/es\/que-es-pefc\/pefc-catalunya\/\" \/>\n<meta property=\"og:site_name\" content=\"PEFC Catalunya\" \/>\n<meta property=\"article:modified_time\" content=\"2023-10-09T14:07:10+00:00\" \/>\n<meta property=\"og:image\" content=\"https:\/\/www.pefc.cat\/wp-content\/uploads\/2021\/01\/PEFC-Imagen-destacada_ESP.jpg\" \/>\n\t<meta property=\"og:image:width\" content=\"1500\" \/>\n\t<meta property=\"og:image:height\" content=\"1000\" \/>\n\t<meta property=\"og:image:type\" content=\"image\/jpeg\" \/>\n<meta name=\"twitter:card\" content=\"summary_large_image\" \/>\n<meta name=\"twitter:site\" content=\"@PEFC_Catalunya\" \/>\n<script type=\"application\/ld+json\" class=\"yoast-schema-graph\">{\"@context\":\"https:\\\/\\\/schema.org\",\"@graph\":[{\"@type\":\"WebPage\",\"@id\":\"https:\\\/\\\/www.pefc.cat\\\/es\\\/que-es-pefc\\\/pefc-catalunya\\\/\",\"url\":\"https:\\\/\\\/www.pefc.cat\\\/es\\\/que-es-pefc\\\/pefc-catalunya\\\/\",\"name\":\"PEFC Catalunya - PEFC Catalunya\",\"isPartOf\":{\"@id\":\"https:\\\/\\\/www.pefc.cat\\\/#website\"},\"primaryImageOfPage\":{\"@id\":\"https:\\\/\\\/www.pefc.cat\\\/es\\\/que-es-pefc\\\/pefc-catalunya\\\/#primaryimage\"},\"image\":{\"@id\":\"https:\\\/\\\/www.pefc.cat\\\/es\\\/que-es-pefc\\\/pefc-catalunya\\\/#primaryimage\"},\"thumbnailUrl\":\"https:\\\/\\\/www.pefc.cat\\\/wp-content\\\/uploads\\\/2021\\\/01\\\/PEFC-Imagen-destacada_ESP.jpg\",\"datePublished\":\"2020-12-13T11:59:28+00:00\",\"dateModified\":\"2023-10-09T14:07:10+00:00\",\"description\":\"PEFC Catalunya est\u00e1 integrada por propietarios forestales, industrias de transformaci\u00f3n de la madera, entidades conservacionistas, y m\u00e1s.\",\"breadcrumb\":{\"@id\":\"https:\\\/\\\/www.pefc.cat\\\/es\\\/que-es-pefc\\\/pefc-catalunya\\\/#breadcrumb\"},\"inLanguage\":\"es\",\"potentialAction\":[{\"@type\":\"ReadAction\",\"target\":[\"https:\\\/\\\/www.pefc.cat\\\/es\\\/que-es-pefc\\\/pefc-catalunya\\\/\"]}]},{\"@type\":\"ImageObject\",\"inLanguage\":\"es\",\"@id\":\"https:\\\/\\\/www.pefc.cat\\\/es\\\/que-es-pefc\\\/pefc-catalunya\\\/#primaryimage\",\"url\":\"https:\\\/\\\/www.pefc.cat\\\/wp-content\\\/uploads\\\/2021\\\/01\\\/PEFC-Imagen-destacada_ESP.jpg\",\"contentUrl\":\"https:\\\/\\\/www.pefc.cat\\\/wp-content\\\/uploads\\\/2021\\\/01\\\/PEFC-Imagen-destacada_ESP.jpg\",\"width\":1500,\"height\":1000},{\"@type\":\"BreadcrumbList\",\"@id\":\"https:\\\/\\\/www.pefc.cat\\\/es\\\/que-es-pefc\\\/pefc-catalunya\\\/#breadcrumb\",\"itemListElement\":[{\"@type\":\"ListItem\",\"position\":1,\"name\":\"Portada\",\"item\":\"https:\\\/\\\/www.pefc.cat\\\/es\\\/\"},{\"@type\":\"ListItem\",\"position\":2,\"name\":\"PEFC\",\"item\":\"https:\\\/\\\/www.pefc.cat\\\/es\\\/que-es-pefc\\\/\"},{\"@type\":\"ListItem\",\"position\":3,\"name\":\"PEFC Catalunya\"}]},{\"@type\":\"WebSite\",\"@id\":\"https:\\\/\\\/www.pefc.cat\\\/#website\",\"url\":\"https:\\\/\\\/www.pefc.cat\\\/\",\"name\":\"PEFC Catalunya\",\"description\":\"Asociaci&oacute;n Catalana Promotora de la Certificaci&oacute;n Forestal, PEFC Catalunya\",\"publisher\":{\"@id\":\"https:\\\/\\\/www.pefc.cat\\\/#organization\"},\"potentialAction\":[{\"@type\":\"SearchAction\",\"target\":{\"@type\":\"EntryPoint\",\"urlTemplate\":\"https:\\\/\\\/www.pefc.cat\\\/?s={search_term_string}\"},\"query-input\":{\"@type\":\"PropertyValueSpecification\",\"valueRequired\":true,\"valueName\":\"search_term_string\"}}],\"inLanguage\":\"es\"},{\"@type\":\"Organization\",\"@id\":\"https:\\\/\\\/www.pefc.cat\\\/#organization\",\"name\":\"PEFC Catalunya\",\"url\":\"https:\\\/\\\/www.pefc.cat\\\/\",\"logo\":{\"@type\":\"ImageObject\",\"inLanguage\":\"es\",\"@id\":\"https:\\\/\\\/www.pefc.cat\\\/#\\\/schema\\\/logo\\\/image\\\/\",\"url\":\"https:\\\/\\\/www.pefc.cat\\\/wp-content\\\/uploads\\\/2020\\\/12\\\/logo-PEFC-serial.svg\",\"contentUrl\":\"https:\\\/\\\/www.pefc.cat\\\/wp-content\\\/uploads\\\/2020\\\/12\\\/logo-PEFC-serial.svg\",\"width\":\"1024\",\"height\":\"1024\",\"caption\":\"PEFC Catalunya\"},\"image\":{\"@id\":\"https:\\\/\\\/www.pefc.cat\\\/#\\\/schema\\\/logo\\\/image\\\/\"},\"sameAs\":[\"https:\\\/\\\/x.com\\\/PEFC_Catalunya\",\"https:\\\/\\\/www.linkedin.com\\\/company\\\/pefc-catalunya\\\/\"]}]}<\/script>\n<!-- \/ Yoast SEO plugin. -->","yoast_head_json":{"title":"PEFC Catalunya - PEFC Catalunya","description":"PEFC Catalunya est\u00e1 integrada por propietarios forestales, industrias de transformaci\u00f3n de la madera, entidades conservacionistas, y m\u00e1s.","robots":{"index":"index","follow":"follow","max-snippet":"max-snippet:-1","max-image-preview":"max-image-preview:large","max-video-preview":"max-video-preview:-1"},"canonical":"https:\/\/www.pefc.cat\/es\/que-es-pefc\/pefc-catalunya\/","og_locale":"es_ES","og_type":"article","og_title":"PEFC Catalunya - PEFC Catalunya","og_description":"PEFC Catalunya est\u00e1 integrada por propietarios forestales, industrias de transformaci\u00f3n de la madera, entidades conservacionistas, y m\u00e1s.","og_url":"https:\/\/www.pefc.cat\/es\/que-es-pefc\/pefc-catalunya\/","og_site_name":"PEFC Catalunya","article_modified_time":"2023-10-09T14:07:10+00:00","og_image":[{"width":1500,"height":1000,"url":"https:\/\/www.pefc.cat\/wp-content\/uploads\/2021\/01\/PEFC-Imagen-destacada_ESP.jpg","type":"image\/jpeg"}],"twitter_card":"summary_large_image","twitter_site":"@PEFC_Catalunya","schema":{"@context":"https:\/\/schema.org","@graph":[{"@type":"WebPage","@id":"https:\/\/www.pefc.cat\/es\/que-es-pefc\/pefc-catalunya\/","url":"https:\/\/www.pefc.cat\/es\/que-es-pefc\/pefc-catalunya\/","name":"PEFC Catalunya - PEFC Catalunya","isPartOf":{"@id":"https:\/\/www.pefc.cat\/#website"},"primaryImageOfPage":{"@id":"https:\/\/www.pefc.cat\/es\/que-es-pefc\/pefc-catalunya\/#primaryimage"},"image":{"@id":"https:\/\/www.pefc.cat\/es\/que-es-pefc\/pefc-catalunya\/#primaryimage"},"thumbnailUrl":"https:\/\/www.pefc.cat\/wp-content\/uploads\/2021\/01\/PEFC-Imagen-destacada_ESP.jpg","datePublished":"2020-12-13T11:59:28+00:00","dateModified":"2023-10-09T14:07:10+00:00","description":"PEFC Catalunya est\u00e1 integrada por propietarios forestales, industrias de transformaci\u00f3n de la madera, entidades conservacionistas, y m\u00e1s.","breadcrumb":{"@id":"https:\/\/www.pefc.cat\/es\/que-es-pefc\/pefc-catalunya\/#breadcrumb"},"inLanguage":"es","potentialAction":[{"@type":"ReadAction","target":["https:\/\/www.pefc.cat\/es\/que-es-pefc\/pefc-catalunya\/"]}]},{"@type":"ImageObject","inLanguage":"es","@id":"https:\/\/www.pefc.cat\/es\/que-es-pefc\/pefc-catalunya\/#primaryimage","url":"https:\/\/www.pefc.cat\/wp-content\/uploads\/2021\/01\/PEFC-Imagen-destacada_ESP.jpg","contentUrl":"https:\/\/www.pefc.cat\/wp-content\/uploads\/2021\/01\/PEFC-Imagen-destacada_ESP.jpg","width":1500,"height":1000},{"@type":"BreadcrumbList","@id":"https:\/\/www.pefc.cat\/es\/que-es-pefc\/pefc-catalunya\/#breadcrumb","itemListElement":[{"@type":"ListItem","position":1,"name":"Portada","item":"https:\/\/www.pefc.cat\/es\/"},{"@type":"ListItem","position":2,"name":"PEFC","item":"https:\/\/www.pefc.cat\/es\/que-es-pefc\/"},{"@type":"ListItem","position":3,"name":"PEFC Catalunya"}]},{"@type":"WebSite","@id":"https:\/\/www.pefc.cat\/#website","url":"https:\/\/www.pefc.cat\/","name":"PEFC Catalunya","description":"Asociaci&oacute;n Catalana Promotora de la Certificaci&oacute;n Forestal, PEFC Catalunya","publisher":{"@id":"https:\/\/www.pefc.cat\/#organization"},"potentialAction":[{"@type":"SearchAction","target":{"@type":"EntryPoint","urlTemplate":"https:\/\/www.pefc.cat\/?s={search_term_string}"},"query-input":{"@type":"PropertyValueSpecification","valueRequired":true,"valueName":"search_term_string"}}],"inLanguage":"es"},{"@type":"Organization","@id":"https:\/\/www.pefc.cat\/#organization","name":"PEFC Catalunya","url":"https:\/\/www.pefc.cat\/","logo":{"@type":"ImageObject","inLanguage":"es","@id":"https:\/\/www.pefc.cat\/#\/schema\/logo\/image\/","url":"https:\/\/www.pefc.cat\/wp-content\/uploads\/2020\/12\/logo-PEFC-serial.svg","contentUrl":"https:\/\/www.pefc.cat\/wp-content\/uploads\/2020\/12\/logo-PEFC-serial.svg","width":"1024","height":"1024","caption":"PEFC Catalunya"},"image":{"@id":"https:\/\/www.pefc.cat\/#\/schema\/logo\/image\/"},"sameAs":["https:\/\/x.com\/PEFC_Catalunya","https:\/\/www.linkedin.com\/company\/pefc-catalunya\/"]}]}},"_links":{"self":[{"href":"https:\/\/www.pefc.cat\/es\/wp-json\/wp\/v2\/pages\/717","targetHints":{"allow":["GET"]}}],"collection":[{"href":"https:\/\/www.pefc.cat\/es\/wp-json\/wp\/v2\/pages"}],"about":[{"href":"https:\/\/www.pefc.cat\/es\/wp-json\/wp\/v2\/types\/page"}],"author":[{"embeddable":true,"href":"https:\/\/www.pefc.cat\/es\/wp-json\/wp\/v2\/users\/1"}],"replies":[{"embeddable":true,"href":"https:\/\/www.pefc.cat\/es\/wp-json\/wp\/v2\/comments?post=717"}],"version-history":[{"count":0,"href":"https:\/\/www.pefc.cat\/es\/wp-json\/wp\/v2\/pages\/717\/revisions"}],"up":[{"embeddable":true,"href":"https:\/\/www.pefc.cat\/es\/wp-json\/wp\/v2\/pages\/664"}],"wp:featuredmedia":[{"embeddable":true,"href":"https:\/\/www.pefc.cat\/es\/wp-json\/wp\/v2\/media\/850"}],"wp:attachment":[{"href":"https:\/\/www.pefc.cat\/es\/wp-json\/wp\/v2\/media?parent=717"}],"curies":[{"name":"wp","href":"https:\/\/api.w.org\/{rel}","templated":true}]}}